{"id":2762,"date":"2025-10-02T16:14:02","date_gmt":"2025-10-02T14:14:02","guid":{"rendered":"https:\/\/generacja0.pl\/?page_id=2762"},"modified":"2026-03-22T12:47:10","modified_gmt":"2026-03-22T11:47:10","slug":"czarny-wladca","status":"publish","type":"page","link":"https:\/\/rerxer.pl\/?page_id=2762","title":{"rendered":"\u015aMIERTELNE PU\u0141APKI \u017bYCIOWE"},"content":{"rendered":"\t\t<div data-elementor-type=\"wp-page\" data-elementor-id=\"2762\" class=\"elementor elementor-2762\">\n\t\t\t\t\t\t<section class=\"elementor-section elementor-top-section elementor-element elementor-element-4042bac elementor-section-boxed elementor-section-height-default elementor-section-height-default\" data-id=\"4042bac\" data-element_type=\"section\" data-e-type=\"section\">\n\t\t\t\t\t\t<div class=\"elementor-container elementor-column-gap-default\">\n\t\t\t\t\t<div class=\"elementor-column elementor-col-100 elementor-top-column elementor-element elementor-element-2a8abc2\" data-id=\"2a8abc2\" data-element_type=\"column\" data-e-type=\"column\">\n\t\t\t<div class=\"elementor-widget-wrap elementor-element-populated\">\n\t\t\t\t\t\t<div class=\"elementor-element elementor-element-641c624 elementor-widget__width-initial elementor-widget elementor-widget-text-editor\" data-id=\"641c624\" data-element_type=\"widget\" data-e-type=\"widget\" data-widget_type=\"text-editor.default\">\n\t\t\t\t<div class=\"elementor-widget-container\">\n\t\t\t\t\t\t\t\t\t<div class=\"entry-content clear\" data-ast-blocks-layout=\"true\"><figure class=\"wp-block-image aligncenter size-full is-resized\"><figure id=\"attachment_3288\" aria-describedby=\"caption-attachment-3288\" style=\"width: 597px\" class=\"wp-caption aligncenter\"><img fetchpriority=\"high\" decoding=\"async\" class=\"wp-image-3288 size-full\" src=\"https:\/\/rerxer.pl\/wp-content\/uploads\/2025\/10\/dwa-tygrysy-i-krolowa-500.png\" alt=\"Dwa tygrysy i kr\u00f3lowa \" width=\"597\" height=\"500\" title=\"\u015aMIERTELNE PU\u0141APKI \u017bYCIOWE\" srcset=\"https:\/\/rerxer.pl\/wp-content\/uploads\/2025\/10\/dwa-tygrysy-i-krolowa-500.png 597w, https:\/\/rerxer.pl\/wp-content\/uploads\/2025\/10\/dwa-tygrysy-i-krolowa-500-300x251.png 300w\" sizes=\"(max-width: 597px) 100vw, 597px\" \/><figcaption id=\"caption-attachment-3288\" class=\"wp-caption-text\">Istota, sens i cel obecnie modelu ponazistowskiego wp\u00f3\u0142czesno\u015bci.<\/figcaption><\/figure><\/figure><p>\u0179r\u00f3d\u0142o: \u201e18. Przypowie\u015b\u0107\u201d. Budda. Zen z krwi i ko\u015bci. P. Reps. \u201eMein Kampf\u201d. Adolf Hitler. Opracowanie w\u0142asne. (K.K.art.256 \u00a7 3)<\/p><p><strong>Ignorancja <\/strong>na swoich potwornych skrzyd\u0142ach <strong>Bezlitosnej Przemocy <\/strong>i <strong>Bezwzgl\u0119dnego Zysku<\/strong>, ju\u017c z nap\u0119dem atomowym d\u0105\u017cy do <strong>Z\u0142udzenia<\/strong>, odwiecznego <strong>Narkotyku<\/strong> cz\u0142owieka. Z b\u0142ogos\u0142awie\u0144stwem \u201eHamletowskich\u201d Szczur\u00f3w. Dzisiaj za wskazaniem ideologii ponazistowskiej, po nazizmie: \u201eJe\u017celi doktryna s\u0142uszniejsza ale w praktyce bardziej bezlitosna przeciwstawi si\u0119 innej doktrynie, to ta doktryna, by\u0107 mo\u017ce w ci\u0119\u017ckiej walce, ale zwyci\u0119\u017cy\u201d.<br \/>\u201e18. Przypowie\u015b\u0107. Budda zawar\u0142 przypowie\u015b\u0107 w sutrze: Cz\u0142owiek przechodz\u0105cy przez pole natkn\u0105\u0142 si\u0119 na tygrysa. Zacz\u0105\u0142 ucieka\u0107, tygrys pop\u0119dzi\u0142 za nim. Dobieg\u0142szy do przepa\u015bci, schwyci\u0142 korze\u0144 dzikiej winoro\u015bli i zsun\u0105\u0142 si\u0119 w d\u00f3\u0142. Tygrys w\u0119szy\u0142 nad nim. M\u0119\u017cczyzna, dr\u017c\u0105c ca\u0142y, spojrza\u0142 w d\u00f3\u0142, gdzie czyha\u0142 na niego drugi tygrys. Dwie myszy, bia\u0142a i czarna, zacz\u0119\u0142y powoli nadgryza\u0107 winoro\u015bl. M\u0119\u017cczyzna spostrzeg\u0142 blisko siebie soczyst\u0105 truskawk\u0119. Trzymaj\u0105c si\u0119 winoro\u015bli jedn\u0105 r\u0119k\u0105, drug\u0105 zerwa\u0142 owoc. Jak\u017ce by\u0142 s\u0142odki!\u201d. (\u0179r\u00f3d\u0142o: Zen z krwi i ko\u015bci. Paul Reps. Wydawnictwo Zysk i S-ka. Pozna\u0144 1998, str. 38).<\/p><div class=\"wp-block-columns is-layout-flex wp-container-core-columns-is-layout-28f84493 wp-block-columns-is-layout-flex\"><div class=\"wp-block-column is-layout-flow wp-block-column-is-layout-flow\"><p class=\"has-medium-font-size\"><a href=\"https:\/\/rerxer.pl\/?page_id=2746\" target=\"_blank\" rel=\"noreferrer noopener\">O mnie. Skazani przez natur\u0119 i kultur\u0119 w oprawstwie narkotykowym<\/a><br \/><a href=\"https:\/\/rerxer.pl\/wp-content\/uploads\/2025\/10\/Narkopolacy-2009.pdf\" target=\"_blank\" rel=\"noreferrer noopener\">Narkopolacy 2009<\/a><br \/><a href=\"https:\/\/rerxer.pl\/wp-content\/uploads\/2025\/10\/NIK-skarga-oprawstwo-narkotykowe-panstwa.pdf\" target=\"_blank\" rel=\"noreferrer noopener\">NIK \u2013 skarga na system oprawstwa narkotykowego 2025<\/a><br \/><a href=\"https:\/\/rerxer.pl\/?page_id=2772\" target=\"_blank\" rel=\"noreferrer noopener\">Niekt\u00f3re zarzuty do ustawy o \u201ewychowaniu w trze\u017awo\u015bci\u2026\u201d<\/a><\/p><\/div><\/div><\/div>\t\t\t\t\t\t\t\t<\/div>\n\t\t\t\t<\/div>\n\t\t\t\t\t<\/div>\n\t\t<\/div>\n\t\t\t\t\t<\/div>\n\t\t<\/section>\n\t\t\t\t<\/div>\n\t\t","protected":false},"excerpt":{"rendered":"<p>\u0179r\u00f3d\u0142o: \u201e18. Przypowie\u015b\u0107\u201d. Budda. Zen z krwi i ko\u015bci. P. Reps. \u201eMein Kampf\u201d. Adolf Hitler. Opracowanie w\u0142asne. (K.K.art.256 \u00a7 3) Ignorancja na swoich potwornych skrzyd\u0142ach Bezlitosnej Przemocy i Bezwzgl\u0119dnego Zysku, ju\u017c z nap\u0119dem atomowym d\u0105\u017cy do Z\u0142udzenia, odwiecznego Narkotyku cz\u0142owieka. Z b\u0142ogos\u0142awie\u0144stwem \u201eHamletowskich\u201d Szczur\u00f3w. Dzisiaj za wskazaniem ideologii ponazistowskiej, po nazizmie: \u201eJe\u017celi doktryna s\u0142uszniejsza ale [&hellip;]<\/p>\n","protected":false},"author":1,"featured_media":0,"parent":0,"menu_order":0,"comment_status":"open","ping_status":"closed","template":"","meta":{"_surecart_dashboard_logo_width":"180px","_surecart_dashboard_show_logo":true,"_surecart_dashboard_navigation_orders":true,"_surecart_dashboard_navigation_invoices":true,"_surecart_dashboard_navigation_subscriptions":true,"_surecart_dashboard_navigation_downloads":true,"_surecart_dashboard_navigation_billing":true,"_surecart_dashboard_navigation_account":true,"_uag_custom_page_level_css":"","site-sidebar-layout":"right-sidebar","site-content-layout":"page-builder","ast-site-content-layout":"full-width-container","site-content-style":"boxed","site-sidebar-style":"default","ast-global-header-display":"","ast-banner-title-visibility":"","ast-main-header-display":"","ast-hfb-above-header-display":"","ast-hfb-below-header-display":"","ast-hfb-mobile-header-display":"","site-post-title":"","ast-breadcrumbs-content":"","ast-featured-img":"disabled","footer-sml-layout":"","ast-disable-related-posts":"","theme-transparent-header-meta":"","adv-header-id-meta":"","stick-header-meta":"","header-above-stick-meta":"","header-main-stick-meta":"","header-below-stick-meta":"","astra-migrate-meta-layouts":"set","ast-page-background-enabled":"default","ast-page-background-meta":{"desktop":{"background-color":"","background-image":"","background-repeat":"repeat","background-position":"center center","background-size":"auto","background-attachment":"scroll","background-type":"","background-media":"","overlay-type":"","overlay-color":"","overlay-opacity":"","overlay-gradient":""},"tablet":{"background-color":"","background-image":"","background-repeat":"repeat","background-position":"center center","background-size":"auto","background-attachment":"scroll","background-type":"","background-media":"","overlay-type":"","overlay-color":"","overlay-opacity":"","overlay-gradient":""},"mobile":{"background-color":"","background-image":"","background-repeat":"repeat","background-position":"center center","background-size":"auto","background-attachment":"scroll","background-type":"","background-media":"","overlay-type":"","overlay-color":"","overlay-opacity":"","overlay-gradient":""}},"ast-content-background-meta":{"desktop":{"background-color":"var(--ast-global-color-5)","background-image":"","background-repeat":"repeat","background-position":"center center","background-size":"auto","background-attachment":"scroll","background-type":"","background-media":"","overlay-type":"","overlay-color":"","overlay-opacity":"","overlay-gradient":""},"tablet":{"background-color":"var(--ast-global-color-5)","background-image":"","background-repeat":"repeat","background-position":"center center","background-size":"auto","background-attachment":"scroll","background-type":"","background-media":"","overlay-type":"","overlay-color":"","overlay-opacity":"","overlay-gradient":""},"mobile":{"background-color":"var(--ast-global-color-5)","background-image":"","background-repeat":"repeat","background-position":"center center","background-size":"auto","background-attachment":"scroll","background-type":"","background-media":"","overlay-type":"","overlay-color":"","overlay-opacity":"","overlay-gradient":""}},"footnotes":""},"class_list":["post-2762","page","type-page","status-publish","hentry"],"aioseo_notices":[],"uagb_featured_image_src":{"full":false,"thumbnail":false,"medium":false,"medium_large":false,"large":false,"1536x1536":false,"2048x2048":false,"woocommerce_thumbnail":false,"woocommerce_single":false,"woocommerce_gallery_thumbnail":false},"uagb_author_info":{"display_name":"admin-e4tUYuMy","author_link":"https:\/\/rerxer.pl\/?author=1"},"uagb_comment_info":0,"uagb_excerpt":"\u0179r\u00f3d\u0142o: \u201e18. Przypowie\u015b\u0107\u201d. Budda. Zen z krwi i ko\u015bci. P. Reps. \u201eMein Kampf\u201d. Adolf Hitler. Opracowanie w\u0142asne. (K.K.art.256 \u00a7 3) Ignorancja na swoich potwornych skrzyd\u0142ach Bezlitosnej Przemocy i Bezwzgl\u0119dnego Zysku, ju\u017c z nap\u0119dem atomowym d\u0105\u017cy do Z\u0142udzenia, odwiecznego Narkotyku cz\u0142owieka. Z b\u0142ogos\u0142awie\u0144stwem \u201eHamletowskich\u201d Szczur\u00f3w. Dzisiaj za wskazaniem ideologii ponazistowskiej, po nazizmie: \u201eJe\u017celi doktryna s\u0142uszniejsza ale&hellip;","jetpack_sharing_enabled":true,"_links":{"self":[{"href":"https:\/\/rerxer.pl\/index.php?rest_route=\/wp\/v2\/pages\/2762","targetHints":{"allow":["GET"]}}],"collection":[{"href":"https:\/\/rerxer.pl\/index.php?rest_route=\/wp\/v2\/pages"}],"about":[{"href":"https:\/\/rerxer.pl\/index.php?rest_route=\/wp\/v2\/types\/page"}],"author":[{"embeddable":true,"href":"https:\/\/rerxer.pl\/index.php?rest_route=\/wp\/v2\/users\/1"}],"replies":[{"embeddable":true,"href":"https:\/\/rerxer.pl\/index.php?rest_route=%2Fwp%2Fv2%2Fcomments&post=2762"}],"version-history":[{"count":15,"href":"https:\/\/rerxer.pl\/index.php?rest_route=\/wp\/v2\/pages\/2762\/revisions"}],"predecessor-version":[{"id":3655,"href":"https:\/\/rerxer.pl\/index.php?rest_route=\/wp\/v2\/pages\/2762\/revisions\/3655"}],"wp:attachment":[{"href":"https:\/\/rerxer.pl\/index.php?rest_route=%2Fwp%2Fv2%2Fmedia&parent=2762"}],"curies":[{"name":"wp","href":"https:\/\/api.w.org\/{rel}","templated":true}]}}