{"id":2740,"date":"2025-10-02T15:58:47","date_gmt":"2025-10-02T13:58:47","guid":{"rendered":"https:\/\/generacja0.pl\/?page_id=2740"},"modified":"2025-12-19T20:58:46","modified_gmt":"2025-12-19T19:58:46","slug":"instytut-spkin","status":"publish","type":"page","link":"https:\/\/rerxer.pl\/?page_id=2740","title":{"rendered":"Instytut SPKiN"},"content":{"rendered":"\t\t<div data-elementor-type=\"wp-page\" data-elementor-id=\"2740\" class=\"elementor elementor-2740\">\n\t\t\t\t\t\t<section class=\"elementor-section elementor-top-section elementor-element elementor-element-7b571cf elementor-section-boxed elementor-section-height-default elementor-section-height-default\" data-id=\"7b571cf\" data-element_type=\"section\" data-e-type=\"section\">\n\t\t\t\t\t\t<div class=\"elementor-container elementor-column-gap-default\">\n\t\t\t\t\t<div class=\"elementor-column elementor-col-100 elementor-top-column elementor-element elementor-element-8cbb738\" data-id=\"8cbb738\" data-element_type=\"column\" data-e-type=\"column\">\n\t\t\t<div class=\"elementor-widget-wrap elementor-element-populated\">\n\t\t\t\t\t\t<div class=\"elementor-element elementor-element-a30143a elementor-widget elementor-widget-text-editor\" data-id=\"a30143a\" data-element_type=\"widget\" data-e-type=\"widget\" data-widget_type=\"text-editor.default\">\n\t\t\t\t<div class=\"elementor-widget-container\">\n\t\t\t\t\t\t\t\t\t<h4 class=\"western\">Moja walka o prawa cz\u0142owieka &#8222;Generacji 0&#8221;<br \/>&#8211; od narodzin &#8222;z ducha&#8221; do naturalnej \u015bmierci &#8222;z cia\u0142a&#8221;.<\/h4><h4 class=\"western\"><strong>Generacja 0<\/strong><\/h4><p>Praca w tym obszarze, to starania o uznanie tych pierwotnych \u017ar\u00f3de\u0142 i ustanowienie podstawowych praw cz\u0142owieka, wynikaj\u0105cych z tych \u017ar\u00f3de\u0142. Wymaga to dobrego opracowania pierwotnych \u017ar\u00f3de\u0142, z jak najwierniejszymi t\u0142umaczeniami oraz uj\u0119cia ich, w formie ostatecznej. Obszar Czarnej Kr\u00f3lowej wymaga pracy nad dwoma g\u0142\u00f3wnymi obszarami:<br \/><strong>Z\u0142udzeniem<\/strong>, odwiecznym narkotykiem, kt\u00f3re pozwala s\u0105dzi\u0107, \u017ce metodami ponazistowskimi zbuduje si\u0119 jakie\u015b dobro. Jest to sfera oprawstwa narkotykowego, ze swymi \u017ar\u00f3d\u0142ami, przyczynami i skutkami.<br \/>Drugim obszarem jest <strong>model ponazistowski \u015bwiata<\/strong>, z jego podstawowymi urz\u0105dzeniami, tj. bezlitosn\u0105 przemoc\u0105 i bezwzgl\u0119dnym zyskiem. Jako wyznaczonymi celami \u017cycia cz\u0142owieka. Wynikaj\u0105cego z podstawy \u2013 ignorancji wobec istoty, sensu i celu \u017cycia oraz jej podstawowej metody: kamieniem w \u015bwiadomo\u015b\u0107, czyli k\u0142amstwem wobec \u017cycia. W tym obszarze zawiera si\u0119 ca\u0142y model kultury cz\u0142owieka, z jego religiami, cywilizacj\u0105 i wiedz\u0105. Odkrycie tych pierwotnych \u015blad\u00f3w i po\u0142\u0105czenie z tera\u017aniejszo\u015bci\u0105, w kt\u00f3rej te \u015blady istniej\u0105, jest celem tego obszaru dzia\u0142ania. <br \/>M\u00f3j emblemat czterech ramion i owocu dzia\u0142ania obj\u0119\u0107 W\u0142adcy \u015awiata, w jaki\u015b spos\u00f3b pr\u00f3buje to ukaza\u0107. Jej istota zawiera si\u0119 w sentencji mistrz\u00f3w na Zachodzie i Wschodzie, chaosie i agresji oraz bezodpowiedzialno\u015bci, bez wzgl\u0119du na skutki. Nawet wobec zbrodni przeciwko ludzko\u015bci, jak to jest obecnie. W mojej parafrazie europejskiego klasyka brzmi to: \u201eJe\u017celi doktryna s\u0142uszniejsza ale w praktyce bardziej bezlitosna przeciwstawi si\u0119 innej doktrynie, to ta doktryna, by\u0107 mo\u017ce w ci\u0119\u017ckiej walce, ale zwyci\u0119\u017cy\u201d.<\/p><h4 class=\"western\"><strong>4 Wielkie \u0179r\u00f3d\u0142a do Spe\u0142nienia<\/strong><\/h4><p>Odkrycie i u\u0142o\u017cenie pierwotnych \u017ar\u00f3de\u0142 istoty \u017cycia i podstawowych praw, wymaga informacji czystej, nie zmienionej przez \u017cadne uwarunkowania. Czyli odnajdywanie \u015blad\u00f3w i \u017ar\u00f3de\u0142 istnienia oraz kultury cz\u0142owieka w najczystszej postaci, ich t\u0142umaczenie i rozpowszechnianie, jest sensem i celem tego obszaru dzia\u0142ania<\/p>\t\t\t\t\t\t\t\t<\/div>\n\t\t\t\t<\/div>\n\t\t\t\t<div class=\"elementor-element elementor-element-93fbf16 elementor-widget elementor-widget-text-editor\" data-id=\"93fbf16\" data-element_type=\"widget\" data-e-type=\"widget\" data-widget_type=\"text-editor.default\">\n\t\t\t\t<div class=\"elementor-widget-container\">\n\t\t\t\t\t\t\t\t\t<h4 class=\"western\">Niekt\u00f3re aspekty oprawstwa narkotykowego, alkoholu<\/h4><p><a href=\"https:\/\/generacja0.pl\/wp-content\/uploads\/2025\/10\/Narkopolacy-2009.pdf\" target=\"_blank\" rel=\"noopener\">Narkopolacy 2009<\/a><br \/><a href=\"https:\/\/generacja0.pl\/wp-content\/uploads\/2025\/10\/NIK-skarga-oprawstwo-narkotykowe-panstwa.pdf\" target=\"_blank\" rel=\"noopener\">NIK \u2013 skarga na system oprawstwa narkotykowego 2025<\/a><br \/><a href=\"https:\/\/generacja0.pl\/?page_id=2772\" target=\"_blank\" rel=\"noopener\">Niekt\u00f3re zarzuty do ustawy o \u201ewychowaniu w trze\u017awo\u015bci\u2026\u201d<\/a><br \/><a href=\"https:\/\/generacja0.pl\/?page_id=2746\" target=\"_blank\" rel=\"noopener\">Moja Walka z narkor\u00f3bstwem pa\u0144stwa<\/a><\/p>\t\t\t\t\t\t\t\t<\/div>\n\t\t\t\t<\/div>\n\t\t\t\t\t<\/div>\n\t\t<\/div>\n\t\t\t\t\t<\/div>\n\t\t<\/section>\n\t\t\t\t<section class=\"elementor-section elementor-top-section elementor-element elementor-element-0eefc36 elementor-section-boxed elementor-section-height-default elementor-section-height-default\" data-id=\"0eefc36\" data-element_type=\"section\" data-e-type=\"section\" data-settings=\"{&quot;background_background&quot;:&quot;classic&quot;}\">\n\t\t\t\t\t\t<div class=\"elementor-container elementor-column-gap-default\">\n\t\t\t\t\t<div class=\"elementor-column elementor-col-50 elementor-top-column elementor-element elementor-element-21a8e7b\" data-id=\"21a8e7b\" data-element_type=\"column\" data-e-type=\"column\">\n\t\t\t<div class=\"elementor-widget-wrap elementor-element-populated\">\n\t\t\t\t\t\t<div class=\"elementor-element elementor-element-572aeca elementor-widget elementor-widget-text-editor\" data-id=\"572aeca\" data-element_type=\"widget\" data-e-type=\"widget\" data-widget_type=\"text-editor.default\">\n\t\t\t\t<div class=\"elementor-widget-container\">\n\t\t\t\t\t\t\t\t\t<h5 style=\"text-align: center;\"><a href=\"https:\/\/pomagam.pl\/pokolenie-zero\" target=\"_blank\" rel=\"noopener\"><span style=\"color: #ff0000;\">Wspieraj wolno\u015b\u0107 od narkotyku<\/span><\/a><\/h5>\t\t\t\t\t\t\t\t<\/div>\n\t\t\t\t<\/div>\n\t\t\t\t<div class=\"elementor-element elementor-element-1a5a27f elementor-widget elementor-widget-text-editor\" data-id=\"1a5a27f\" data-element_type=\"widget\" data-e-type=\"widget\" data-widget_type=\"text-editor.default\">\n\t\t\t\t<div class=\"elementor-widget-container\">\n\t\t\t\t\t\t\t\t\t<p style=\"text-align: center;\"><a href=\"https:\/\/pomagam.pl\/pokolenie-zero\" target=\"_blank\" rel=\"noopener\"><strong>Dla Pokolenia-Zero narkotyku<\/strong><\/a><\/p><p style=\"text-align: center;\"><a href=\"http:\/\/pomagam.pl\/pokolenie-zero\" target=\"_blank\" rel=\"noopener\"><strong>pomagam.pl\/pokolenie-zero<\/strong><\/a><\/p>\t\t\t\t\t\t\t\t<\/div>\n\t\t\t\t<\/div>\n\t\t\t\t\t<\/div>\n\t\t<\/div>\n\t\t\t\t<div class=\"elementor-column elementor-col-50 elementor-top-column elementor-element elementor-element-9f107ff\" data-id=\"9f107ff\" data-element_type=\"column\" data-e-type=\"column\">\n\t\t\t<div class=\"elementor-widget-wrap elementor-element-populated\">\n\t\t\t\t\t\t<div class=\"elementor-element elementor-element-81ab090 elementor-widget elementor-widget-image\" data-id=\"81ab090\" data-element_type=\"widget\" data-e-type=\"widget\" data-widget_type=\"image.default\">\n\t\t\t\t<div class=\"elementor-widget-container\">\n\t\t\t\t\t\t\t\t\t\t\t\t\t\t\t<img decoding=\"async\" width=\"150\" height=\"150\" src=\"https:\/\/rerxer.pl\/wp-content\/uploads\/2025\/10\/QR_412905-1-150x150.png\" class=\"attachment-thumbnail size-thumbnail wp-image-3039\" alt=\"qr 412905\" srcset=\"https:\/\/rerxer.pl\/wp-content\/uploads\/2025\/10\/QR_412905-1-150x150.png 150w, https:\/\/rerxer.pl\/wp-content\/uploads\/2025\/10\/QR_412905-1-300x300.png 300w, https:\/\/rerxer.pl\/wp-content\/uploads\/2025\/10\/QR_412905-1-768x768.png 768w, https:\/\/rerxer.pl\/wp-content\/uploads\/2025\/10\/QR_412905-1-600x600.png 600w, https:\/\/rerxer.pl\/wp-content\/uploads\/2025\/10\/QR_412905-1-100x100.png 100w, https:\/\/rerxer.pl\/wp-content\/uploads\/2025\/10\/QR_412905-1.png 820w\" sizes=\"(max-width: 150px) 100vw, 150px\" title=\"Instytut SPKiN\">\t\t\t\t\t\t\t\t\t\t\t\t\t\t\t<\/div>\n\t\t\t\t<\/div>\n\t\t\t\t\t<\/div>\n\t\t<\/div>\n\t\t\t\t\t<\/div>\n\t\t<\/section>\n\t\t\t\t<\/div>\n\t\t","protected":false},"excerpt":{"rendered":"<p>Moja walka o prawa cz\u0142owieka &#8222;Generacji 0&#8221;&#8211; od narodzin &#8222;z ducha&#8221; do naturalnej \u015bmierci &#8222;z cia\u0142a&#8221;. Generacja 0 Praca w tym obszarze, to starania o uznanie tych pierwotnych \u017ar\u00f3de\u0142 i ustanowienie podstawowych praw cz\u0142owieka, wynikaj\u0105cych z tych \u017ar\u00f3de\u0142. Wymaga to dobrego opracowania pierwotnych \u017ar\u00f3de\u0142, z jak najwierniejszymi t\u0142umaczeniami oraz uj\u0119cia ich, w formie ostatecznej. Obszar [&hellip;]<\/p>\n","protected":false},"author":1,"featured_media":0,"parent":0,"menu_order":0,"comment_status":"closed","ping_status":"closed","template":"","meta":{"_surecart_dashboard_logo_width":"180px","_surecart_dashboard_show_logo":true,"_surecart_dashboard_navigation_orders":true,"_surecart_dashboard_navigation_invoices":true,"_surecart_dashboard_navigation_subscriptions":true,"_surecart_dashboard_navigation_downloads":true,"_surecart_dashboard_navigation_billing":true,"_surecart_dashboard_navigation_account":true,"_uag_custom_page_level_css":"","site-sidebar-layout":"right-sidebar","site-content-layout":"page-builder","ast-site-content-layout":"full-width-container","site-content-style":"boxed","site-sidebar-style":"default","ast-global-header-display":"","ast-banner-title-visibility":"","ast-main-header-display":"","ast-hfb-above-header-display":"","ast-hfb-below-header-display":"","ast-hfb-mobile-header-display":"","site-post-title":"","ast-breadcrumbs-content":"","ast-featured-img":"disabled","footer-sml-layout":"","ast-disable-related-posts":"","theme-transparent-header-meta":"","adv-header-id-meta":"","stick-header-meta":"","header-above-stick-meta":"","header-main-stick-meta":"","header-below-stick-meta":"","astra-migrate-meta-layouts":"set","ast-page-background-enabled":"default","ast-page-background-meta":{"desktop":{"background-color":"","background-image":"","background-repeat":"repeat","background-position":"center center","background-size":"auto","background-attachment":"scroll","background-type":"","background-media":"","overlay-type":"","overlay-color":"","overlay-opacity":"","overlay-gradient":""},"tablet":{"background-color":"","background-image":"","background-repeat":"repeat","background-position":"center center","background-size":"auto","background-attachment":"scroll","background-type":"","background-media":"","overlay-type":"","overlay-color":"","overlay-opacity":"","overlay-gradient":""},"mobile":{"background-color":"","background-image":"","background-repeat":"repeat","background-position":"center center","background-size":"auto","background-attachment":"scroll","background-type":"","background-media":"","overlay-type":"","overlay-color":"","overlay-opacity":"","overlay-gradient":""}},"ast-content-background-meta":{"desktop":{"background-color":"var(--ast-global-color-5)","background-image":"","background-repeat":"repeat","background-position":"center center","background-size":"auto","background-attachment":"scroll","background-type":"","background-media":"","overlay-type":"","overlay-color":"","overlay-opacity":"","overlay-gradient":""},"tablet":{"background-color":"var(--ast-global-color-5)","background-image":"","background-repeat":"repeat","background-position":"center center","background-size":"auto","background-attachment":"scroll","background-type":"","background-media":"","overlay-type":"","overlay-color":"","overlay-opacity":"","overlay-gradient":""},"mobile":{"background-color":"var(--ast-global-color-5)","background-image":"","background-repeat":"repeat","background-position":"center center","background-size":"auto","background-attachment":"scroll","background-type":"","background-media":"","overlay-type":"","overlay-color":"","overlay-opacity":"","overlay-gradient":""}},"footnotes":""},"class_list":["post-2740","page","type-page","status-publish","hentry"],"aioseo_notices":[],"uagb_featured_image_src":{"full":false,"thumbnail":false,"medium":false,"medium_large":false,"large":false,"1536x1536":false,"2048x2048":false,"woocommerce_thumbnail":false,"woocommerce_single":false,"woocommerce_gallery_thumbnail":false},"uagb_author_info":{"display_name":"admin-e4tUYuMy","author_link":"https:\/\/rerxer.pl\/?author=1"},"uagb_comment_info":0,"uagb_excerpt":"Moja walka o prawa cz\u0142owieka &#8222;Generacji 0&#8221;&#8211; od narodzin &#8222;z ducha&#8221; do naturalnej \u015bmierci &#8222;z cia\u0142a&#8221;. Generacja 0 Praca w tym obszarze, to starania o uznanie tych pierwotnych \u017ar\u00f3de\u0142 i ustanowienie podstawowych praw cz\u0142owieka, wynikaj\u0105cych z tych \u017ar\u00f3de\u0142. Wymaga to dobrego opracowania pierwotnych \u017ar\u00f3de\u0142, z jak najwierniejszymi t\u0142umaczeniami oraz uj\u0119cia ich, w formie ostatecznej. Obszar&hellip;","jetpack_sharing_enabled":true,"_links":{"self":[{"href":"https:\/\/rerxer.pl\/index.php?rest_route=\/wp\/v2\/pages\/2740","targetHints":{"allow":["GET"]}}],"collection":[{"href":"https:\/\/rerxer.pl\/index.php?rest_route=\/wp\/v2\/pages"}],"about":[{"href":"https:\/\/rerxer.pl\/index.php?rest_route=\/wp\/v2\/types\/page"}],"author":[{"embeddable":true,"href":"https:\/\/rerxer.pl\/index.php?rest_route=\/wp\/v2\/users\/1"}],"replies":[{"embeddable":true,"href":"https:\/\/rerxer.pl\/index.php?rest_route=%2Fwp%2Fv2%2Fcomments&post=2740"}],"version-history":[{"count":12,"href":"https:\/\/rerxer.pl\/index.php?rest_route=\/wp\/v2\/pages\/2740\/revisions"}],"predecessor-version":[{"id":3469,"href":"https:\/\/rerxer.pl\/index.php?rest_route=\/wp\/v2\/pages\/2740\/revisions\/3469"}],"wp:attachment":[{"href":"https:\/\/rerxer.pl\/index.php?rest_route=%2Fwp%2Fv2%2Fmedia&parent=2740"}],"curies":[{"name":"wp","href":"https:\/\/api.w.org\/{rel}","templated":true}]}}